{"id":2903,"date":"2015-03-20T17:49:27","date_gmt":"2015-03-20T16:49:27","guid":{"rendered":"http:\/\/spaziopapel.net\/it\/?page_id=2903"},"modified":"2025-08-25T16:05:45","modified_gmt":"2025-08-25T15:05:45","slug":"sergio-toppi-hayku-marzo-2005","status":"publish","type":"page","link":"https:\/\/spaziopapel.net\/it\/edizionicrapapelada\/sergio-toppi-hayku-marzo-2005\/","title":{"rendered":"Sergio Toppi \u201cHayku\u201d &#8211; marzo 2005"},"content":{"rendered":"<span class=\"edpapeltesto\">&#8220;HAYKU&#8221; \u00e8 la difficile prova a cui si \u00e8 eroicamente sottoposto Sergio Toppi. Il risultato \u00e8 straordinario come sempre: tredici splendide illustrazioni dedicate all&#8217;Oriente, alla magia e alla saggezza dell&#8217;altra faccia della Luna, dell&#8217;altra parte della Terra.<br \/> <br \/>\r\n\r\nCofanetto in tela contenente le riproduzioni in stampa litografica di 12 illustrazioni inedite realizzate da Sergio Toppi ed ispirate ad hayku tradizionali giapponesi.<br \/>\r\nLe immagini sono corredate dai testi degli haiku, scritti con ideogrammi giapponesi e tradotti in italiano, in francese ed in inglese.\r\nOgni illustrazione \u00e8 firmata dall&#8217;Autore<br \/> <br \/>\r\n\r\nCarta Fedrigoni Tintoretto 300 g<br \/>\r\ncm 30 x 30<br \/> <br \/>\r\n\r\nTiratura: da 1\/300 a 300\/300<br \/>\r\n(sul foglio di presentazione dei primi 12 esemplari c&#8217;\u00e8 uno sketch originale realizzato a china da Sergio Toppi)<br \/> <br \/>\r\n\r\n<strong>400 \u20ac<\/strong><br \/> <br \/>\r\n\r\nL&#8217;immagine di copertina riprodotta su carta speciale nelle dimensioni del disegno originale accompagna\r\nuna tiratura limitata:<br \/>\r\n50 copie firmate e numerate da I\/L a L\/L <strong>(esaurito)<\/strong><\/span><br \/><br \/>\r\n\r\n<div class=\"centra\"><div class='gdl-image-frame shortcode-image-center' style='max-width: 100%; float: center; width: 280px; height: 280px; '><a href='https:\/\/spaziopapel.net\/it\/wp-content\/uploads\/2014\/12\/Hayku.jpg' data-rel='prettyPhoto'  title='' ><img src='https:\/\/spaziopapel.net\/it\/wp-content\/uploads\/2014\/12\/Hayku.jpg' style='width:280px; height:280px;' alt='' title='' \/><\/a><\/div><\/div>\r\n<div class=\"centra\"><div class='gdl-image-frame shortcode-image-center' style='max-width: 100%; float: center; width: 280px; height: 280px; '><a href='https:\/\/spaziopapel.net\/it\/wp-content\/uploads\/2014\/12\/Hayku-campanella.jpg' data-rel='prettyPhoto'  title='' ><img src='https:\/\/spaziopapel.net\/it\/wp-content\/uploads\/2014\/12\/Hayku-campanella.jpg' style='width:280px; height:280px;' alt='' title='' \/><\/a><\/div><\/div>","protected":false},"excerpt":{"rendered":"<p class=\"riga1edizioni\">Sergio Toppi<br \/>\n<span class=\"riga2edizioni\">\u201cHayku\u201d<\/span><br \/>\n<span class=\"riga3edizioni\">014 &#8211; raccolta grafiche<\/span><\/p>\n","protected":false},"author":2,"featured_media":2901,"parent":53,"menu_order":14,"comment_status":"closed","ping_status":"closed","template":"","meta":{"footnotes":""},"class_list":["post-2903","page","type-page","status-publish","has-post-thumbnail","hentry"],"_links":{"self":[{"href":"https:\/\/spaziopapel.net\/it\/wp-json\/wp\/v2\/pages\/2903","targetHints":{"allow":["GET"]}}],"collection":[{"href":"https:\/\/spaziopapel.net\/it\/wp-json\/wp\/v2\/pages"}],"about":[{"href":"https:\/\/spaziopapel.net\/it\/wp-json\/wp\/v2\/types\/page"}],"author":[{"embeddable":true,"href":"https:\/\/spaziopapel.net\/it\/wp-json\/wp\/v2\/users\/2"}],"replies":[{"embeddable":true,"href":"https:\/\/spaziopapel.net\/it\/wp-json\/wp\/v2\/comments?post=2903"}],"version-history":[{"count":25,"href":"https:\/\/spaziopapel.net\/it\/wp-json\/wp\/v2\/pages\/2903\/revisions"}],"predecessor-version":[{"id":7056,"href":"https:\/\/spaziopapel.net\/it\/wp-json\/wp\/v2\/pages\/2903\/revisions\/7056"}],"up":[{"embeddable":true,"href":"https:\/\/spaziopapel.net\/it\/wp-json\/wp\/v2\/pages\/53"}],"wp:featuredmedia":[{"embeddable":true,"href":"https:\/\/spaziopapel.net\/it\/wp-json\/wp\/v2\/media\/2901"}],"wp:attachment":[{"href":"https:\/\/spaziopapel.net\/it\/wp-json\/wp\/v2\/media?parent=2903"}],"curies":[{"name":"wp","href":"https:\/\/api.w.org\/{rel}","templated":true}]}}